{"id":2,"date":"2009-12-22T16:49:23","date_gmt":"2009-12-22T15:49:23","guid":{"rendered":"http:\/\/www.lespinodesintipo.fr\/?page_id=2"},"modified":"2013-11-26T00:23:38","modified_gmt":"2013-11-25T23:23:38","slug":"page-d-exemple","status":"publish","type":"page","link":"https:\/\/www.lespinodesintipo.fr\/?page_id=2","title":{"rendered":"Pourquoi ce BLOG ?"},"content":{"rendered":"<p>Tout simplement et sans pr\u00e9tentions pour partager\u00a0 nos impressions, nos \u00e9motions, nos images de voyage et vous donner des nouvelles tr\u00e8s r\u00e9guli\u00e8rement.<\/p>\n<p>Oh, nous ne sommes pas des gens lettr\u00e9s, alors nous vous demanderons d\u2019\u00eatre indulgents, sur notre style litt\u00e9raire.<\/p>\n<p>En tous cas nous sommes tr\u00e8s excit\u00e9s \u00e0 l\u2019id\u00e9e de partir dans un mois tout juste.<\/p>\n<h2 style=\"text-align: center;\"><strong>Pr\u00e9parer un voyage c\u2019est d\u00e9j\u00e0 voyager<\/strong><strong>.<\/strong><\/h2>\n<p>&nbsp;<\/p>\n<p>Comme pour des \u00a0millions de routards \u00a0de tous les continents, voyager c\u2019est se confronter aux autres .Les gens \u00a0que nous rencontrons ont une autre \u00a0culture, une autre religion que la n\u00f4tre, mais toujours pr\u00eats \u00e0 \u00e9changer, m\u00eame si la langue, parfois, peut \u00eatre \u00a0un handicap, le langage des signes est tr\u00e8s efficace.<\/p>\n<p>Dormir\u00a0 dans des h\u00f4tels \u00ab\u00a0classe\u00a0\u00bb ou bien dans \u00a0des guest houses tr\u00e8s modestes,\u00a0 manger dans un restaurant chic ou bien dans la rue, voyager dans un tuk tuk tr\u00e8s bruyant, ou un bus sans \u00e2ge ou bien dans un train 1<sup>ere<\/sup> classe, \u00a0nous permet\u00a0 d\u2019\u00eatre \u00e0 peu pr\u00e8s exhaustifs quant aux r\u00e9cits que nous vous faisons de nos voyages.<\/p>\n<p>Voyage, c\u2019est mettre de c\u00f4t\u00e9 pendant quelque temps notre propre cadre de r\u00e9f\u00e9rence. C\u2019est une id\u00e9e que l&rsquo;on voudrait partager avec tous, sans ostentation, sans le\u00e7ons, juste pour le secret espoir de donner envie de partir.<\/p>\n","protected":false},"excerpt":{"rendered":"<p>Tout simplement et sans pr\u00e9tentions pour partager\u00a0 nos impressions, nos \u00e9motions, nos images de voyage et vous donner des nouvelles tr\u00e8s r\u00e9guli\u00e8rement. Oh, nous ne sommes pas des gens lettr\u00e9s, alors nous vous demanderons d\u2019\u00eatre indulgents, sur notre style litt\u00e9raire. En tous cas nous sommes tr\u00e8s excit\u00e9s \u00e0 l\u2019id\u00e9e de partir dans un mois tout [&hellip;]<\/p>\n","protected":false},"author":1,"featured_media":0,"parent":0,"menu_order":0,"comment_status":"closed","ping_status":"closed","template":"","meta":{"ngg_post_thumbnail":0,"footnotes":""},"class_list":["post-2","page","type-page","status-publish","hentry"],"_links":{"self":[{"href":"https:\/\/www.lespinodesintipo.fr\/index.php?rest_route=\/wp\/v2\/pages\/2"}],"collection":[{"href":"https:\/\/www.lespinodesintipo.fr\/index.php?rest_route=\/wp\/v2\/pages"}],"about":[{"href":"https:\/\/www.lespinodesintipo.fr\/index.php?rest_route=\/wp\/v2\/types\/page"}],"author":[{"embeddable":true,"href":"https:\/\/www.lespinodesintipo.fr\/index.php?rest_route=\/wp\/v2\/users\/1"}],"replies":[{"embeddable":true,"href":"https:\/\/www.lespinodesintipo.fr\/index.php?rest_route=%2Fwp%2Fv2%2Fcomments&post=2"}],"version-history":[{"count":0,"href":"https:\/\/www.lespinodesintipo.fr\/index.php?rest_route=\/wp\/v2\/pages\/2\/revisions"}],"wp:attachment":[{"href":"https:\/\/www.lespinodesintipo.fr\/index.php?rest_route=%2Fwp%2Fv2%2Fmedia&parent=2"}],"curies":[{"name":"wp","href":"https:\/\/api.w.org\/{rel}","templated":true}]}}