{"id":2003,"date":"2013-12-15T19:40:37","date_gmt":"2013-12-15T18:40:37","guid":{"rendered":"http:\/\/www.lespinodesintipo.fr\/?page_id=2003"},"modified":"2013-12-15T19:53:35","modified_gmt":"2013-12-15T18:53:35","slug":"2013-indonesie","status":"publish","type":"page","link":"https:\/\/www.lespinodesintipo.fr\/?page_id=2003","title":{"rendered":"2013 : Indon\u00e9sie"},"content":{"rendered":"<p>15\/01\/2013 : <a title=\"J \u2013 10\" href=\"https:\/\/www.lespinodesintipo.fr\/?p=1301\">J &#8211; 10<\/a><\/p>\n<h3>Ile de Java<\/h3>\n<p>25\/01\/2013 : <a title=\"Yogyakarta\" href=\"https:\/\/www.lespinodesintipo.fr\/?p=1307\">Yogyakarta<\/a><\/p>\n<p>27\/01\/2013 : <a title=\"Borobudur\" href=\"https:\/\/www.lespinodesintipo.fr\/?p=1314\">Borobudur<\/a><\/p>\n<p>28\/01\/2013 : <a title=\"Le temple de Borobudur\" href=\"https:\/\/www.lespinodesintipo.fr\/?p=1316\">Le temple de Borobudur<\/a><\/p>\n<p>29\/01\/2013 : <a title=\"Le bonheur de voyager avec les locaux\" href=\"https:\/\/www.lespinodesintipo.fr\/?p=1318\">Le bonheur de voyager avec les locaux<\/a><\/p>\n<p>30\/01\/2013 : <a title=\"Prambanan\" href=\"https:\/\/www.lespinodesintipo.fr\/?p=1320\">Prambanan<\/a><\/p>\n<p>01\/02\/2013 : <a title=\"A l\u2019assaut  des volcans  Bromo et Kawah Ijien\" href=\"https:\/\/www.lespinodesintipo.fr\/?p=1327\">A l\u2019assaut\u00a0 des volcans\u00a0 Bromo et Kawah Ijien<\/a><\/p>\n<p>02\/02\/2013 : <a title=\"C \u2018est plus la Java, c\u2019est du Zola !\" href=\"https:\/\/www.lespinodesintipo.fr\/?p=1341\">C \u2018est plus la Java, c\u2019est du Zola !<\/a><\/p>\n<h3>Ile de Bali<\/h3>\n<p>05\/02\/2013 : <a title=\"Bali l\u2019\u00eele des  Dieux\" href=\"https:\/\/www.lespinodesintipo.fr\/?p=1366\">Bali l\u2019\u00eele des\u00a0 Dieux<\/a><\/p>\n<p>06\/02\/2013 : <a title=\"L\u2019arri\u00e8re pays de Lovina\" href=\"https:\/\/www.lespinodesintipo.fr\/?p=1402\">L\u2019arri\u00e8re pays de Lovina<\/a><\/p>\n<p>06\/02\/2013 : <a title=\"Les dauphins noirs\" href=\"https:\/\/www.lespinodesintipo.fr\/?p=1411\">Les dauphins noirs<\/a><\/p>\n<p>08\/02\/2013 : <a title=\"Ubud\" href=\"https:\/\/www.lespinodesintipo.fr\/?p=1451\">Ubud<\/a><\/p>\n<p>09\/02\/2013 : <a title=\"Les environs d\u2019Ubud\" href=\"https:\/\/www.lespinodesintipo.fr\/?p=1480\">Les environs d\u2019Ubud<\/a><\/p>\n<p>12\/02\/2013 : <a title=\"La d\u00e9couverte de Bali continue\" href=\"https:\/\/www.lespinodesintipo.fr\/?p=1491\">La d\u00e9couverte de Bali continue<\/a><\/p>\n<h3>Ile de Lombok<\/h3>\n<p>13\/02\/2013 : <a title=\"LOMBOK\" href=\"https:\/\/www.lespinodesintipo.fr\/?p=1523\">LOMBOK<\/a><\/p>\n<p>14\/02\/2013 : <a title=\"Lombok, la suite\" href=\"https:\/\/www.lespinodesintipo.fr\/?p=1535\">Lombok, la suite<\/a><\/p>\n<p>15\/02\/2013 : <a title=\"Gili ou le paradis\" href=\"https:\/\/www.lespinodesintipo.fr\/?p=1573\">Gili ou le paradis<\/a><\/p>\n<p>16\/02\/2013 : <a title=\"Journ\u00e9e de snorkeling\" href=\"https:\/\/www.lespinodesintipo.fr\/?p=1586\">Journ\u00e9e de snorkeling<\/a><\/p>\n<p>17\/02\/2013 : <a title=\"Kuta Lombok\" href=\"https:\/\/www.lespinodesintipo.fr\/?p=1604\">Kuta Lombok<\/a><\/p>\n<p>17\/02\/2013 : <a title=\"Les Plages du sud de Lombok\" href=\"https:\/\/www.lespinodesintipo.fr\/?p=1616\">Les Plages du sud de Lombok<\/a><\/p>\n<p>18\/02\/2013 : <a title=\"Dernier jour \u00e0 Kuta\" href=\"https:\/\/www.lespinodesintipo.fr\/?p=1649\">Dernier jour \u00e0 Kuta<\/a><\/p>\n<h3>Ile de Flor\u00e9s<\/h3>\n<p>22\/02\/2013 : <a title=\"La croisi\u00e8re\" href=\"https:\/\/www.lespinodesintipo.fr\/?p=1662\">La croisi\u00e8re<\/a><\/p>\n<p>24\/02\/2013 : <a title=\"La transflor\u00e9sienne\" href=\"https:\/\/www.lespinodesintipo.fr\/?p=1698\">La transflor\u00e9sienne<\/a><\/p>\n<p>26\/02\/2013 : <a title=\"La route continue\" href=\"https:\/\/www.lespinodesintipo.fr\/?p=1700\">La route continue<\/a><\/p>\n<p>27\/02\/2013 : <a title=\"De Riung \u00e0 Moni\" href=\"https:\/\/www.lespinodesintipo.fr\/?p=1702\">De Riung \u00e0 Moni<\/a><\/p>\n<p>01\/03\/2013 : <a title=\"Moni et le Kelimutu\" href=\"https:\/\/www.lespinodesintipo.fr\/?p=1704\">Moni et le Kelimutu<\/a><\/p>\n<p>02\/03\/2013 : <a title=\"Au revoir Flor\u00e8s\" href=\"https:\/\/www.lespinodesintipo.fr\/?p=1706\">Au revoir Flor\u00e8s<\/a><\/p>\n<h3>Ile de Sulawesi<\/h3>\n<p>05\/03\/2013 : <a title=\"Sulawesi (C\u00e9l\u00e8bes)\" href=\"https:\/\/www.lespinodesintipo.fr\/?p=1776\">Sulawesi (C\u00e9l\u00e8bes)<\/a><\/p>\n<p>06\/03\/2013 : <a title=\"Le Pays Toraja , 2\u00e8me jour\" href=\"https:\/\/www.lespinodesintipo.fr\/?p=1865\">Le Pays Toraja , 2\u00e8me jour<\/a><\/p>\n<p>08\/03\/2013 : <a title=\"3\u00e8me et 4 \u00e8me jours en pays Toraja\" href=\"https:\/\/www.lespinodesintipo.fr\/?p=1867\">3\u00e8me et 4 \u00e8me jours en pays Toraja<\/a><\/p>\n<p>10\/03\/2013 : <a title=\"Tentena\" href=\"https:\/\/www.lespinodesintipo.fr\/?p=1872\">Tentena<\/a><\/p>\n<p>12\/03\/2013 : <a title=\"Ampana\" href=\"https:\/\/www.lespinodesintipo.fr\/?p=1975\">Ampana<\/a><\/p>\n<p>14\/03\/2013 : <a title=\"Kadidiri, le paradis !!!\" href=\"https:\/\/www.lespinodesintipo.fr\/?p=1979\">Kadidiri, le paradis !!!<\/a><\/p>\n<p>15\/03\/2013 : <a title=\"D\u00e9part pour Malenge\" href=\"https:\/\/www.lespinodesintipo.fr\/?p=1981\">D\u00e9part pour Malenge<\/a><\/p>\n<p>22\/03\/2013 : <a title=\"Malenge ou  la Belle gaie\" href=\"https:\/\/www.lespinodesintipo.fr\/?p=1983\">Malenge ou\u00a0 la Belle gaie<\/a><\/p>\n<p>24\/03\/2013 : <a title=\"Revenons \u00e0 la r\u00e9alit\u00e9\" href=\"https:\/\/www.lespinodesintipo.fr\/?p=1986\">Revenons \u00e0 la r\u00e9alit\u00e9<\/a><\/p>\n<p>&nbsp;<\/p>\n","protected":false},"excerpt":{"rendered":"<p>15\/01\/2013 : J &#8211; 10 Ile de Java 25\/01\/2013 : Yogyakarta 27\/01\/2013 : Borobudur 28\/01\/2013 : Le temple de Borobudur 29\/01\/2013 : Le bonheur de voyager avec les locaux 30\/01\/2013 : Prambanan 01\/02\/2013 : A l\u2019assaut\u00a0 des volcans\u00a0 Bromo et Kawah Ijien 02\/02\/2013 : C \u2018est plus la Java, c\u2019est du Zola ! Ile de [&hellip;]<\/p>\n","protected":false},"author":1,"featured_media":0,"parent":0,"menu_order":0,"comment_status":"closed","ping_status":"closed","template":"template-nosidebar.php","meta":{"ngg_post_thumbnail":0,"footnotes":""},"class_list":["post-2003","page","type-page","status-publish","hentry"],"_links":{"self":[{"href":"https:\/\/www.lespinodesintipo.fr\/index.php?rest_route=\/wp\/v2\/pages\/2003"}],"collection":[{"href":"https:\/\/www.lespinodesintipo.fr\/index.php?rest_route=\/wp\/v2\/pages"}],"about":[{"href":"https:\/\/www.lespinodesintipo.fr\/index.php?rest_route=\/wp\/v2\/types\/page"}],"author":[{"embeddable":true,"href":"https:\/\/www.lespinodesintipo.fr\/index.php?rest_route=\/wp\/v2\/users\/1"}],"replies":[{"embeddable":true,"href":"https:\/\/www.lespinodesintipo.fr\/index.php?rest_route=%2Fwp%2Fv2%2Fcomments&post=2003"}],"version-history":[{"count":0,"href":"https:\/\/www.lespinodesintipo.fr\/index.php?rest_route=\/wp\/v2\/pages\/2003\/revisions"}],"wp:attachment":[{"href":"https:\/\/www.lespinodesintipo.fr\/index.php?rest_route=%2Fwp%2Fv2%2Fmedia&parent=2003"}],"curies":[{"name":"wp","href":"https:\/\/api.w.org\/{rel}","templated":true}]}}