{"id":84,"date":"2013-11-27T21:26:17","date_gmt":"2013-11-27T20:26:17","guid":{"rendered":"http:\/\/www.lespinodesintipo.fr\/?page_id=84"},"modified":"2026-01-17T16:11:36","modified_gmt":"2026-01-17T15:11:36","slug":"index-des-voyages","status":"publish","type":"page","link":"https:\/\/www.lespinodesintipo.fr\/?page_id=84","title":{"rendered":"Index des voyages"},"content":{"rendered":"<p><a href=\"https:\/\/www.lespinodesintipo.fr\/?page_id=12252\">2009 : Laos, Cambodge et Thailande<\/a><\/p>\n<p><a href=\"https:\/\/www.lespinodesintipo.fr\/?page_id=86\">2010 : Inde du nord<\/a><\/p>\n<p><a href=\"https:\/\/www.lespinodesintipo.fr\/?page_id=1997\">2011 : Sri Lanka et Inde du sud<\/a><\/p>\n<p><a href=\"https:\/\/www.lespinodesintipo.fr\/?page_id=2556\">2012 : Birmanie, Chine (Yunnan), Thailande (Koh Chang)<\/a><\/p>\n<p><a href=\"https:\/\/www.lespinodesintipo.fr\/?page_id=2003\">2013 : Indon\u00e9sie<\/a><\/p>\n<p><a href=\"https:\/\/www.lespinodesintipo.fr\/?page_id=2862\">2014 : Malaisie,&nbsp; Philippines et Indon\u00e9sie<\/a><\/p>\n<p><a href=\"https:\/\/www.lespinodesintipo.fr\/?page_id=3792\">2015 : Guatemala et Costa Rica<\/a><\/p>\n<p><a href=\"https:\/\/www.lespinodesintipo.fr\/?page_id=5152\">2016 : Mexique<\/a><\/p>\n<p><a href=\"https:\/\/www.lespinodesintipo.fr\/?page_id=6614\">2017 : Australie et Indon\u00e9sie<\/a><\/p>\n<p><a href=\"https:\/\/www.lespinodesintipo.fr\/?page_id=8226\">2018 : \u00c9quateur et P\u00e9rou<\/a><\/p>\n<p><a href=\"https:\/\/www.lespinodesintipo.fr\/?page_id=10116\">2019 : Dubai, Vietnam, Malaisie et Singapour<\/a><\/p>\n<p><a href=\"https:\/\/www.lespinodesintipo.fr\/?page_id=11335\">2020 : Colombie<\/a><\/p>\n<p><a href=\"https:\/\/www.lespinodesintipo.fr\/?page_id=15331\">2022 : P\u00e9rou et \u00c9quateur<\/a><\/p>\n\n\n<p><a href=\"https:\/\/www.lespinodesintipo.fr\/?page_id=16200\" target=\"_blank\" rel=\"noreferrer noopener\">2023 : Singapour et Indon\u00e9sie<\/a><\/p>\n\n\n\n<p><a href=\"https:\/\/www.lespinodesintipo.fr\/?page_id=16942\" target=\"_blank\" rel=\"noreferrer noopener\">2024 : Oman, Tha\u00eflande, Laos, Cor\u00e9e, Japon<\/a><\/p>\n\n\n\n<p><a href=\"https:\/\/www.lespinodesintipo.fr\/?page_id=17552\" data-type=\"page\" data-id=\"17552\" target=\"_blank\" rel=\"noreferrer noopener\">2025 : Tha\u00eflande et Jordanie<\/a><\/p>\n\n\n\n<p>2026 : <a href=\"https:\/\/www.lespinodesintipo.fr\/?page_id=17890\">Tha\u00eflande, Malaisie et Singapour<\/a><\/p>\n","protected":false},"excerpt":{"rendered":"<p>2009 : Laos, Cambodge et Thailande 2010 : Inde du nord 2011 : Sri Lanka et Inde du sud 2012 : Birmanie, Chine (Yunnan), Thailande (Koh Chang) 2013 : Indon\u00e9sie 2014 : Malaisie,&nbsp; Philippines et Indon\u00e9sie 2015 : Guatemala et Costa Rica 2016 : Mexique 2017 : Australie et Indon\u00e9sie 2018 : \u00c9quateur et P\u00e9rou [&hellip;]<\/p>\n","protected":false},"author":1,"featured_media":0,"parent":0,"menu_order":0,"comment_status":"closed","ping_status":"closed","template":"template-nosidebar.php","meta":{"ngg_post_thumbnail":0,"footnotes":""},"class_list":["post-84","page","type-page","status-publish","hentry"],"_links":{"self":[{"href":"https:\/\/www.lespinodesintipo.fr\/index.php?rest_route=\/wp\/v2\/pages\/84"}],"collection":[{"href":"https:\/\/www.lespinodesintipo.fr\/index.php?rest_route=\/wp\/v2\/pages"}],"about":[{"href":"https:\/\/www.lespinodesintipo.fr\/index.php?rest_route=\/wp\/v2\/types\/page"}],"author":[{"embeddable":true,"href":"https:\/\/www.lespinodesintipo.fr\/index.php?rest_route=\/wp\/v2\/users\/1"}],"replies":[{"embeddable":true,"href":"https:\/\/www.lespinodesintipo.fr\/index.php?rest_route=%2Fwp%2Fv2%2Fcomments&post=84"}],"version-history":[{"count":3,"href":"https:\/\/www.lespinodesintipo.fr\/index.php?rest_route=\/wp\/v2\/pages\/84\/revisions"}],"predecessor-version":[{"id":17893,"href":"https:\/\/www.lespinodesintipo.fr\/index.php?rest_route=\/wp\/v2\/pages\/84\/revisions\/17893"}],"wp:attachment":[{"href":"https:\/\/www.lespinodesintipo.fr\/index.php?rest_route=%2Fwp%2Fv2%2Fmedia&parent=84"}],"curies":[{"name":"wp","href":"https:\/\/api.w.org\/{rel}","templated":true}]}}