{"id":86,"date":"2013-11-27T21:33:55","date_gmt":"2013-11-27T20:33:55","guid":{"rendered":"http:\/\/www.lespinodesintipo.fr\/?page_id=86"},"modified":"2013-12-15T17:23:58","modified_gmt":"2013-12-15T16:23:58","slug":"2010-inde-du-nord","status":"publish","type":"page","link":"https:\/\/www.lespinodesintipo.fr\/?page_id=86","title":{"rendered":"2010 : Inde du nord"},"content":{"rendered":"<p>12\/12\/2009 :<a href=\"https:\/\/www.lespinodesintipo.fr\/?p=1\"> J-31<\/a><\/p>\n<p>13\/12\/2009 :<a href=\"https:\/\/www.lespinodesintipo.fr\/?p=25\"> J-30<\/a><\/p>\n<p>22\/12\/2009 : <a href=\"https:\/\/www.lespinodesintipo.fr\/?p=27\">J-20<\/a><\/p>\n<p>22\/12\/2009 : <a href=\"https:\/\/www.lespinodesintipo.fr\/?p=29\">J-3 avant no\u00ebl<\/a><\/p>\n<p>24\/12\/2009 :<a href=\"https:\/\/www.lespinodesintipo.fr\/?p=31\"> Itin\u00e9raire du voyage<\/a><\/p>\n<p>01\/01\/2010 : <a href=\"https:\/\/www.lespinodesintipo.fr\/?p=48\">Clin d\u2019\u0153il aux internautes<\/a><\/p>\n<p>01\/01\/2010 : <a href=\"https:\/\/www.lespinodesintipo.fr\/?p=50\">2010<\/a><\/p>\n<p>11\/01\/2010 :<a href=\"https:\/\/www.lespinodesintipo.fr\/?p=55\"> J-3<\/a><\/p>\n<p>15\/01\/2010 : <a title=\"d\u00e9part pr\u00e9cipit\u00e9\" href=\"https:\/\/www.lespinodesintipo.fr\/?p=59\">d\u00e9part pr\u00e9cipit\u00e9<\/a><\/p>\n<p>15\/01\/2010 : <a title=\"Fatehpur Sikri\" href=\"https:\/\/www.lespinodesintipo.fr\/?p=61\">Fatehpur Sikri<\/a><\/p>\n<p>16\/01\/2010 : <a title=\"Agra Taj Mahal\" href=\"https:\/\/www.lespinodesintipo.fr\/?p=65\">Agra Taj Mahal<\/a><\/p>\n<p>17\/01\/2010 : <a title=\"Gwalior\" href=\"https:\/\/www.lespinodesintipo.fr\/?p=67\">Gwalior<\/a><\/p>\n<p>18\/01\/2010 : <a title=\"Trajet Gwalior Khajuraho\" href=\"https:\/\/www.lespinodesintipo.fr\/?p=69\">Trajet Gwalior Khajuraho<\/a><\/p>\n<p>19\/01\/2010 : <a title=\"Khajuraho Temples\" href=\"https:\/\/www.lespinodesintipo.fr\/?p=71\">Khajuraho Temples<\/a><\/p>\n<p>20\/01\/2010 : <a title=\"Khajuraho village\" href=\"https:\/\/www.lespinodesintipo.fr\/?p=73\">Khajuraho village<\/a><\/p>\n<p>22\/01\/2010 : <a title=\"Trajet de Khajuraho \u2013 Varanassi\" href=\"https:\/\/www.lespinodesintipo.fr\/?p=75\">Trajet de Khajuraho &#8211; Varanassi<\/a><\/p>\n<p>23\/01\/2010 : <a title=\"Varanassi 1er jour\" href=\"https:\/\/www.lespinodesintipo.fr\/?p=77\">Varanassi 1er jour<\/a><\/p>\n<p>24\/01\/2010 : <a title=\"Varanassi 2eme jour\" href=\"https:\/\/www.lespinodesintipo.fr\/?p=79\">Varanassi 2eme jour<\/a><\/p>\n<p>25\/01\/2010 : <a title=\"Varanassi 3eme jour\" href=\"https:\/\/www.lespinodesintipo.fr\/?p=96\">Varanassi 3eme jour<\/a><\/p>\n<p>26\/01\/2010 : <a title=\"Varanassi 4eme jour\" href=\"https:\/\/www.lespinodesintipo.fr\/?p=98\">Varanassi 4eme jour<\/a><\/p>\n<p>28\/01\/2010 : <a title=\"Kolkata (Calcutta)\" href=\"https:\/\/www.lespinodesintipo.fr\/?p=101\">Kolkata (Calcutta)<\/a><\/p>\n<p>29\/01\/2010 : <a title=\"Darjeeling 1er jour\" href=\"https:\/\/www.lespinodesintipo.fr\/?p=103\">Darjeeling 1er jour<\/a><\/p>\n<p>30\/01\/2010 : <a title=\"Darjeeling 2\u00e8me jour\" href=\"https:\/\/www.lespinodesintipo.fr\/?p=105\">Darjeeling 2\u00e8me jour<\/a><\/p>\n<p>02\/02\/2010 : <a title=\"Kolkata (Calcutta)\" href=\"https:\/\/www.lespinodesintipo.fr\/?p=107\">Kolkata (Calcutta)<\/a><\/p>\n<p>04\/02\/2010 : <a title=\"Kolkata (Calcutta)\" href=\"https:\/\/www.lespinodesintipo.fr\/?p=470\">Kolkata (Calcutta)<\/a><\/p>\n<p>06\/02\/2010 : <a title=\"Jaipur\" href=\"https:\/\/www.lespinodesintipo.fr\/?p=472\">Jaipur<\/a><\/p>\n<p>07\/02\/2010 : <a title=\"Roopangarh\" href=\"https:\/\/www.lespinodesintipo.fr\/?p=474\">Roopangarh<\/a><\/p>\n<p>08\/02\/2010 : <a title=\"Pushkar\" href=\"https:\/\/www.lespinodesintipo.fr\/?p=476\">Pushkar<\/a><\/p>\n<p>10\/02\/2010 : <a title=\"Bundi\" href=\"https:\/\/www.lespinodesintipo.fr\/?p=478\">Bundi<\/a><\/p>\n<p>11\/02\/2010 : <a title=\"Chittorgarh\" href=\"https:\/\/www.lespinodesintipo.fr\/?p=480\">Chittorgarh<\/a><\/p>\n<p>13\/02\/2010 : <a title=\"Udaipur\" href=\"https:\/\/www.lespinodesintipo.fr\/?p=482\">Udaipur<\/a><\/p>\n<p>14\/02\/2010 : <a title=\"Udaipur\" href=\"https:\/\/www.lespinodesintipo.fr\/?p=484\">Udaipur<\/a><\/p>\n<p>15\/02\/2010 : <a title=\"Trajet Udaipur Ranakpur\" href=\"https:\/\/www.lespinodesintipo.fr\/?p=486\">Trajet Udaipur Ranakpur<\/a><\/p>\n<p>15\/02\/2010 : <a title=\"Ranakpur\" href=\"https:\/\/www.lespinodesintipo.fr\/?p=488\">Ranakpur<\/a><\/p>\n<p>16\/02\/2010 : <a title=\"Trajet Ranakpur Jodhpur\" href=\"https:\/\/www.lespinodesintipo.fr\/?p=490\">Trajet Ranakpur Jodhpur<\/a><\/p>\n<p>18\/02\/2010 : <a title=\"Jodhpur\" href=\"https:\/\/www.lespinodesintipo.fr\/?p=492\">Jodhpur<\/a><\/p>\n<p>19\/02\/2010 : <a title=\"Khuri (desert)\" href=\"https:\/\/www.lespinodesintipo.fr\/?p=494\">Khuri (desert)<\/a><\/p>\n<p>21\/02\/2010 : <a title=\"Jaisalmer 88000 habitants\" href=\"https:\/\/www.lespinodesintipo.fr\/?p=496\">Jaisalmer 88000 habitants<\/a><\/p>\n<p>22\/02\/2010 : <a title=\"Kichan\" href=\"https:\/\/www.lespinodesintipo.fr\/?p=498\">Kichan<\/a><\/p>\n<p>22\/02\/2010 : <a title=\"Bikaner  529 000 habitants\" href=\"https:\/\/www.lespinodesintipo.fr\/?p=500\">Bikaner\u00a0 529 000 habitants<\/a><\/p>\n<p>23\/02\/2010 : <a title=\"Deshnok\" href=\"https:\/\/www.lespinodesintipo.fr\/?p=502\">Deshnok<\/a><\/p>\n<p>24\/02\/2010 : <a title=\"Mandawa\" href=\"https:\/\/www.lespinodesintipo.fr\/?p=504\">Mandawa<\/a><\/p>\n<p>27\/02\/2010 : <a title=\"Dehli  15 000 000  d\u2019habitants\" href=\"https:\/\/www.lespinodesintipo.fr\/?p=506\">Dehli\u00a0 15 000 000\u00a0 d\u2019habitants<\/a><\/p>\n<p>01\/03\/2010 : <a title=\"Haridwar  250 OOO habitants\" href=\"https:\/\/www.lespinodesintipo.fr\/?p=508\">Haridwar\u00a0 250 OOO habitants<\/a><\/p>\n<p>04\/03\/2010 : <a title=\"Rishikesh  79 600 habitants\" href=\"https:\/\/www.lespinodesintipo.fr\/?p=510\">Rishikesh\u00a0 79 600 habitants<\/a><\/p>\n<p>05\/03\/2010 : <a title=\"Rishikesh dernier jour\" href=\"https:\/\/www.lespinodesintipo.fr\/?p=512\">Rishikesh dernier jour<\/a><\/p>\n<p>07\/03\/2010 : <a title=\"Et pour finir :\" href=\"https:\/\/www.lespinodesintipo.fr\/?p=514\">Et pour finir :<\/a><\/p>\n<p>&nbsp;<\/p>\n<p>&nbsp;<\/p>\n<p>&nbsp;<\/p>\n<p>&nbsp;<\/p>\n<p>&nbsp;<\/p>\n","protected":false},"excerpt":{"rendered":"<p>12\/12\/2009 : J-31 13\/12\/2009 : J-30 22\/12\/2009 : J-20 22\/12\/2009 : J-3 avant no\u00ebl 24\/12\/2009 : Itin\u00e9raire du voyage 01\/01\/2010 : Clin d\u2019\u0153il aux internautes 01\/01\/2010 : 2010 11\/01\/2010 : J-3 15\/01\/2010 : d\u00e9part pr\u00e9cipit\u00e9 15\/01\/2010 : Fatehpur Sikri 16\/01\/2010 : Agra Taj Mahal 17\/01\/2010 : Gwalior 18\/01\/2010 : Trajet Gwalior Khajuraho 19\/01\/2010 : Khajuraho [&hellip;]<\/p>\n","protected":false},"author":1,"featured_media":0,"parent":0,"menu_order":0,"comment_status":"closed","ping_status":"closed","template":"template-nosidebar.php","meta":{"ngg_post_thumbnail":0,"footnotes":""},"class_list":["post-86","page","type-page","status-publish","hentry"],"_links":{"self":[{"href":"https:\/\/www.lespinodesintipo.fr\/index.php?rest_route=\/wp\/v2\/pages\/86"}],"collection":[{"href":"https:\/\/www.lespinodesintipo.fr\/index.php?rest_route=\/wp\/v2\/pages"}],"about":[{"href":"https:\/\/www.lespinodesintipo.fr\/index.php?rest_route=\/wp\/v2\/types\/page"}],"author":[{"embeddable":true,"href":"https:\/\/www.lespinodesintipo.fr\/index.php?rest_route=\/wp\/v2\/users\/1"}],"replies":[{"embeddable":true,"href":"https:\/\/www.lespinodesintipo.fr\/index.php?rest_route=%2Fwp%2Fv2%2Fcomments&post=86"}],"version-history":[{"count":0,"href":"https:\/\/www.lespinodesintipo.fr\/index.php?rest_route=\/wp\/v2\/pages\/86\/revisions"}],"wp:attachment":[{"href":"https:\/\/www.lespinodesintipo.fr\/index.php?rest_route=%2Fwp%2Fv2%2Fmedia&parent=86"}],"curies":[{"name":"wp","href":"https:\/\/api.w.org\/{rel}","templated":true}]}}